{"id":3119,"date":"2022-09-26T05:31:43","date_gmt":"2022-09-26T05:31:43","guid":{"rendered":"https:\/\/www.studiortz.eu\/?page_id=3119"},"modified":"2022-10-13T09:17:17","modified_gmt":"2022-10-13T09:17:17","slug":"notizie","status":"publish","type":"page","link":"https:\/\/www.studiortz.eu\/index.php\/notizie\/","title":{"rendered":"Notizie"},"content":{"rendered":"<div class=\"wpb-content-wrapper\"><p>[vc_section][vc_row][vc_column width=&#8221;2\/3&#8243;]\n    <!-- Blog Start -->\n    <div class=\"krth-blog-one krth-blog-list krth-blog-col-1  krth-post-69e32dd66bf76 \">\n\n      \n      <div id=\"post-4052\" class=\"krth-blog-post post-4052 post type-post status-publish format-standard hentry category-news\">\n\n        \n        <!-- Content -->\n        <div class=\"bp-content\">\n\n          <!-- Metas -->\n          <div class=\"bp-top-meta\">\n                        <div class=\"bp-cat\">\n              <a href=\"https:\/\/www.studiortz.eu\/index.php\/category\/news\/\" rel=\"category tag\">News<\/a>            <\/div>\n                        <div class=\"bp-date\">\n              <span>Agosto 1, 2025<\/span>\n            <\/div>\n                        <div class=\"bp-author\">\n              <span>by <a href=\"https:\/\/www.studiortz.eu\/index.php\/author\/redazione\/\" rel=\"author\">Redazione<\/a><\/span>            <\/div>\n                      <\/div>\n          <!-- Metas -->\n\n          <a href=\"https:\/\/www.studiortz.eu\/index.php\/2025\/08\/01\/studio-rtz-diventa-rtz-s-p-a-s-t-p-e-acquisisce-il-50-di-canovi-srl\/\" class=\"bp-heading\">Studio RTZ diventa RTZ S.p.A s.t.p. e acquisisce il 50% di Canovi Srl<\/a>\n                    <p>[vc_row][vc_column][vc_row_inner][vc_column_inner][vc_single_image image=&#8221;4053&#8243; img_size=&#8221;full&#8221; css=&#8221;&#8221;][\/vc_column_inner][\/vc_row_inner][vc_empty_space][vc_column_text css=&#8221;&#8221;]L\u2019associazione professionale RTZ, dal 9 luglio 2025 ha modificato la propria natura giuridica trasformandosi in una societ\u00e0 di capitali e modificando la denominazione in RTZ S.p.A s.t.p.. L\u2019operazione, concretizzando un\u2019annunciata riorganizzazione proprietaria e giuridica, intende perseguire un importante cambiamento di paradigma. L\u2019attivit\u00e0 professionale si[&#8230;]<\/p>\n          <a href=\"https:\/\/www.studiortz.eu\/index.php\/2025\/08\/01\/studio-rtz-diventa-rtz-s-p-a-s-t-p-e-acquisisce-il-50-di-canovi-srl\/\" class=\"bp-read-more\">\n            Read More          <\/a>\n                    <div class=\"bp-bottom-comments\">\n            <span><\/span>          <\/div>\n                  <\/div>\n        <!-- Content -->\n\n        <\/div><!-- #post-## -->\n\n      \n      <div id=\"post-4042\" class=\"krth-blog-post post-4042 post type-post status-publish format-standard hentry category-news\">\n\n        \n        <!-- Content -->\n        <div class=\"bp-content\">\n\n          <!-- Metas -->\n          <div class=\"bp-top-meta\">\n                        <div class=\"bp-cat\">\n              <a href=\"https:\/\/www.studiortz.eu\/index.php\/category\/news\/\" rel=\"category tag\">News<\/a>            <\/div>\n                        <div class=\"bp-date\">\n              <span>Luglio 7, 2025<\/span>\n            <\/div>\n                        <div class=\"bp-author\">\n              <span>by <a href=\"https:\/\/www.studiortz.eu\/index.php\/author\/redazione\/\" rel=\"author\">Redazione<\/a><\/span>            <\/div>\n                      <\/div>\n          <!-- Metas -->\n\n          <a href=\"https:\/\/www.studiortz.eu\/index.php\/2025\/07\/07\/studio-rtz-al-fianco-della-famiglia-rossi-nella-partnership-strategica-tra-silve-e-il-gruppo-hofi\/\" class=\"bp-heading\">Studio RTZ al fianco della famiglia Rossi nella partnership strategica tra SILVE e il gruppo HOFI<\/a>\n                    <p>[vc_row][vc_column][vc_row_inner][vc_column_inner][vc_single_image image=&#8221;4043&#8243; img_size=&#8221;full&#8221; css=&#8221;&#8221;][\/vc_column_inner][\/vc_row_inner][vc_empty_space][vc_column_text css=&#8221;&#8221;]Studio RTZ ha avuto il privilegio di affiancare la famiglia Rossi in un\u2019operazione di grande rilievo strategico, che segna una tappa importante nell\u2019evoluzione del settore delle infrastrutture funerarie in Italia. \u00c8 stata infatti perfezionata l\u2019alleanza tra SILVE S.r.l., storica azienda attiva nel campo dei[&#8230;]<\/p>\n          <a href=\"https:\/\/www.studiortz.eu\/index.php\/2025\/07\/07\/studio-rtz-al-fianco-della-famiglia-rossi-nella-partnership-strategica-tra-silve-e-il-gruppo-hofi\/\" class=\"bp-read-more\">\n            Read More          <\/a>\n                    <div class=\"bp-bottom-comments\">\n            <span><\/span>          <\/div>\n                  <\/div>\n        <!-- Content -->\n\n        <\/div><!-- #post-## -->\n\n      \n      <div id=\"post-3977\" class=\"krth-blog-post post-3977 post type-post status-publish format-standard hentry category-news\">\n\n        \n        <!-- Content -->\n        <div class=\"bp-content\">\n\n          <!-- Metas -->\n          <div class=\"bp-top-meta\">\n                        <div class=\"bp-cat\">\n              <a href=\"https:\/\/www.studiortz.eu\/index.php\/category\/news\/\" rel=\"category tag\">News<\/a>            <\/div>\n                        <div class=\"bp-date\">\n              <span>Novembre 1, 2024<\/span>\n            <\/div>\n                        <div class=\"bp-author\">\n              <span>by <a href=\"https:\/\/www.studiortz.eu\/index.php\/author\/redazione\/\" rel=\"author\">Redazione<\/a><\/span>            <\/div>\n                      <\/div>\n          <!-- Metas -->\n\n          <a href=\"https:\/\/www.studiortz.eu\/index.php\/2024\/11\/01\/rtz-ecco-il-bilancio-di-sostenibilita-2023\/\" class=\"bp-heading\">RTZ, ecco il Bilancio di Sostenibilit\u00e0  2023<\/a>\n                    <p>RTZ ha presentato il suo secondo Bilancio di Sostenibilit\u00e0 a conferma di un impegno crescente, all&#8217;interno e all&#8217;esterno dello Studio, per promuovere la cultura della sotenibilit\u00e0, nella piena consapevolezza che l&#8217;applicazione e l&#8217;implementazione dei parametri ESG sono non un traguardo da raggiungere ma parte di un percorso in[&#8230;]<\/p>\n          <a href=\"https:\/\/www.studiortz.eu\/index.php\/2024\/11\/01\/rtz-ecco-il-bilancio-di-sostenibilita-2023\/\" class=\"bp-read-more\">\n            Read More          <\/a>\n                    <div class=\"bp-bottom-comments\">\n            <span><\/span>          <\/div>\n                  <\/div>\n        <!-- Content -->\n\n        <\/div><!-- #post-## -->\n\n      \n      <div id=\"post-3882\" class=\"krth-blog-post post-3882 post type-post status-publish format-standard hentry category-news\">\n\n        \n        <!-- Content -->\n        <div class=\"bp-content\">\n\n          <!-- Metas -->\n          <div class=\"bp-top-meta\">\n                        <div class=\"bp-cat\">\n              <a href=\"https:\/\/www.studiortz.eu\/index.php\/category\/news\/\" rel=\"category tag\">News<\/a>            <\/div>\n                        <div class=\"bp-date\">\n              <span>Giugno 4, 2024<\/span>\n            <\/div>\n                        <div class=\"bp-author\">\n              <span>by <a href=\"https:\/\/www.studiortz.eu\/index.php\/author\/redazione\/\" rel=\"author\">Redazione<\/a><\/span>            <\/div>\n                      <\/div>\n          <!-- Metas -->\n\n          <a href=\"https:\/\/www.studiortz.eu\/index.php\/2024\/06\/04\/lesg-su-telereggio\/\" class=\"bp-heading\">L&#8217;ESG su Telereggio<\/a>\n                    <p>Di parametri ESG e sostenibilit\u00e0 come opportunit\u00e0 di crescita soprattutto per le Pmi del territorio si parla ormai anche in televisione. Protagonista della trasmissione Dare&amp;Avere di Tele Reggio, la nostra co-founder Sabrina Gigli che ha approfondito nei dettagli il tema e chiarito il ruolo fondamentale di supporto alle[&#8230;]<\/p>\n          <a href=\"https:\/\/www.studiortz.eu\/index.php\/2024\/06\/04\/lesg-su-telereggio\/\" class=\"bp-read-more\">\n            Read More          <\/a>\n                    <div class=\"bp-bottom-comments\">\n            <span><\/span>          <\/div>\n                  <\/div>\n        <!-- Content -->\n\n        <\/div><!-- #post-## -->\n\n      \n      <div id=\"post-3877\" class=\"krth-blog-post post-3877 post type-post status-publish format-standard hentry category-news\">\n\n        \n        <!-- Content -->\n        <div class=\"bp-content\">\n\n          <!-- Metas -->\n          <div class=\"bp-top-meta\">\n                        <div class=\"bp-cat\">\n              <a href=\"https:\/\/www.studiortz.eu\/index.php\/category\/news\/\" rel=\"category tag\">News<\/a>            <\/div>\n                        <div class=\"bp-date\">\n              <span>Maggio 24, 2024<\/span>\n            <\/div>\n                        <div class=\"bp-author\">\n              <span>by <a href=\"https:\/\/www.studiortz.eu\/index.php\/author\/redazione\/\" rel=\"author\">Redazione<\/a><\/span>            <\/div>\n                      <\/div>\n          <!-- Metas -->\n\n          <a href=\"https:\/\/www.studiortz.eu\/index.php\/2024\/05\/24\/convegno-su-pmi-e-sostenibilita-il-12-giugno\/\" class=\"bp-heading\">Convegno su PMI e sostenibilit\u00e0 il 12 giugno<\/a>\n                    <p>\u201cLe PMI verso il successo sostenibile &#8211; La centralit\u00e0 delle &nbsp;metriche ESG e gli standard europei (ESRS)\u201d. \u00c8 il titolo del nuovo convegno organizzato da RTZ Advisory insieme con BPER banca, Confindustria Emilia e il Dipartimento di Scienze aziendali dell\u2019Universit\u00e0 di Bologna. Al centro degli interventi, che analizzeranno[&#8230;]<\/p>\n          <a href=\"https:\/\/www.studiortz.eu\/index.php\/2024\/05\/24\/convegno-su-pmi-e-sostenibilita-il-12-giugno\/\" class=\"bp-read-more\">\n            Read More          <\/a>\n                    <div class=\"bp-bottom-comments\">\n            <span><\/span>          <\/div>\n                  <\/div>\n        <!-- Content -->\n\n        <\/div><!-- #post-## -->\n\n      \n      <div id=\"post-3875\" class=\"krth-blog-post post-3875 post type-post status-publish format-standard hentry category-news\">\n\n        \n        <!-- Content -->\n        <div class=\"bp-content\">\n\n          <!-- Metas -->\n          <div class=\"bp-top-meta\">\n                        <div class=\"bp-cat\">\n              <a href=\"https:\/\/www.studiortz.eu\/index.php\/category\/news\/\" rel=\"category tag\">News<\/a>            <\/div>\n                        <div class=\"bp-date\">\n              <span>Aprile 25, 2024<\/span>\n            <\/div>\n                        <div class=\"bp-author\">\n              <span>by <a href=\"https:\/\/www.studiortz.eu\/index.php\/author\/redazione\/\" rel=\"author\">Redazione<\/a><\/span>            <\/div>\n                      <\/div>\n          <!-- Metas -->\n\n          <a href=\"https:\/\/www.studiortz.eu\/index.php\/2024\/04\/25\/il-video-completo-del-convegno-sostenibilita-e-metriche-esg-lungo-la-value-chain\/\" class=\"bp-heading\">Il video completo del convegno &#8220;Sostenibilit\u00e0 e metriche ESG lungo la value chain&#8221;<\/a>\n                    <p>https:\/\/youtu.be\/9yA6sgrvno8?si=TdAMnsnBVPqp8Qi6<\/p>\n          <a href=\"https:\/\/www.studiortz.eu\/index.php\/2024\/04\/25\/il-video-completo-del-convegno-sostenibilita-e-metriche-esg-lungo-la-value-chain\/\" class=\"bp-read-more\">\n            Read More          <\/a>\n                    <div class=\"bp-bottom-comments\">\n            <span><\/span>          <\/div>\n                  <\/div>\n        <!-- Content -->\n\n        <\/div><!-- #post-## -->\n\n      \n      <div id=\"post-3859\" class=\"krth-blog-post post-3859 post type-post status-publish format-standard hentry category-news\">\n\n        \n        <!-- Content -->\n        <div class=\"bp-content\">\n\n          <!-- Metas -->\n          <div class=\"bp-top-meta\">\n                        <div class=\"bp-cat\">\n              <a href=\"https:\/\/www.studiortz.eu\/index.php\/category\/news\/\" rel=\"category tag\">News<\/a>            <\/div>\n                        <div class=\"bp-date\">\n              <span>Marzo 27, 2024<\/span>\n            <\/div>\n                        <div class=\"bp-author\">\n              <span>by <a href=\"https:\/\/www.studiortz.eu\/index.php\/author\/redazione\/\" rel=\"author\">Redazione<\/a><\/span>            <\/div>\n                      <\/div>\n          <!-- Metas -->\n\n          <a href=\"https:\/\/www.studiortz.eu\/index.php\/2024\/03\/27\/rtz-pubblica-il-suo-primo-bilancio-di-sostenibilita\/\" class=\"bp-heading\">RTZ pubblica il suo primo Bilancio di Sostenibilit\u00e0<\/a>\n                    <p>RTZ presenta il&nbsp;primo Bilancio di Sostenibilit\u00e0, che nasce con l\u2019intento di&nbsp;diffondere la cultura della sostenibilit\u00e0&nbsp;all\u2019interno dello Studio e tra tutti i nostri stakeholder. Puntare all&#8217;eccellenza e creare valore per la nostra comunit\u00e0 di riferimento, oltre che per tutti gli stakeholder, sono sempre state le nostre linee guida strategiche.[&#8230;]<\/p>\n          <a href=\"https:\/\/www.studiortz.eu\/index.php\/2024\/03\/27\/rtz-pubblica-il-suo-primo-bilancio-di-sostenibilita\/\" class=\"bp-read-more\">\n            Read More          <\/a>\n                    <div class=\"bp-bottom-comments\">\n            <span><\/span>          <\/div>\n                  <\/div>\n        <!-- Content -->\n\n        <\/div><!-- #post-## -->\n\n      \n      <div id=\"post-3795\" class=\"krth-blog-post post-3795 post type-post status-publish format-standard hentry category-news\">\n\n        \n        <!-- Content -->\n        <div class=\"bp-content\">\n\n          <!-- Metas -->\n          <div class=\"bp-top-meta\">\n                        <div class=\"bp-cat\">\n              <a href=\"https:\/\/www.studiortz.eu\/index.php\/category\/news\/\" rel=\"category tag\">News<\/a>            <\/div>\n                        <div class=\"bp-date\">\n              <span>Agosto 3, 2023<\/span>\n            <\/div>\n                        <div class=\"bp-author\">\n              <span>by <a href=\"https:\/\/www.studiortz.eu\/index.php\/author\/redazione\/\" rel=\"author\">Redazione<\/a><\/span>            <\/div>\n                      <\/div>\n          <!-- Metas -->\n\n          <a href=\"https:\/\/www.studiortz.eu\/index.php\/2023\/08\/03\/bilanci-di-sostenibilita-ecco-gli-standard-definitivi\/\" class=\"bp-heading\">Bilanci di sostenibilit\u00e0, ecco gli standard definitivi<\/a>\n                    <p>La normativa europea sui bilanci di\u00a0sostenibilit\u00e0\u00a0fa un nuovo importante passo in avanti. In settimana la Commissione UE ha reso definitivi una prima serie di standard, due trasversali e dieci specifici,\u00a0che coprono tutti i temi legati all\u2019ESG.\u00a0\u00a0In particolare, gli standard specifici comprendono\u00a0sul piano ambientale:&#8211; Cambiamento climatico&#8211; Inquinamento\u00a0&#8211; Acqua e[&#8230;]<\/p>\n          <a href=\"https:\/\/www.studiortz.eu\/index.php\/2023\/08\/03\/bilanci-di-sostenibilita-ecco-gli-standard-definitivi\/\" class=\"bp-read-more\">\n            Read More          <\/a>\n                    <div class=\"bp-bottom-comments\">\n            <span><\/span>          <\/div>\n                  <\/div>\n        <!-- Content -->\n\n        <\/div><!-- #post-## -->\n\n      \n      <div id=\"post-3788\" class=\"krth-blog-post post-3788 post type-post status-publish format-standard hentry category-news\">\n\n        \n        <!-- Content -->\n        <div class=\"bp-content\">\n\n          <!-- Metas -->\n          <div class=\"bp-top-meta\">\n                        <div class=\"bp-cat\">\n              <a href=\"https:\/\/www.studiortz.eu\/index.php\/category\/news\/\" rel=\"category tag\">News<\/a>            <\/div>\n                        <div class=\"bp-date\">\n              <span>Luglio 26, 2023<\/span>\n            <\/div>\n                        <div class=\"bp-author\">\n              <span>by <a href=\"https:\/\/www.studiortz.eu\/index.php\/author\/francesco\/\" rel=\"author\">Francesco<\/a><\/span>            <\/div>\n                      <\/div>\n          <!-- Metas -->\n\n          <a href=\"https:\/\/www.studiortz.eu\/index.php\/2023\/07\/26\/assetti-aziendali-ecco-come-valutare-ladeguatezza\/\" class=\"bp-heading\">Assetti aziendali, ecco come valutare l&#8217;adeguatezza<\/a>\n                    <p>[vc_row][vc_column][vc_column_text] La fondazione nazionale di ricerca dei Commercialisti ha diffuso in questi giorni un utile strumento per effettuare in maniera accurata e allo stesso tempo rapida la valutazione\u00a0dell\u2019adeguatezza degli assetti aziendali.Il tema degli adeguati assetti, organizzativi, amministrativi e contabili\u00a0in azienda sta diventando sempre pi\u00f9 centrale e urgente, come[&#8230;]<\/p>\n          <a href=\"https:\/\/www.studiortz.eu\/index.php\/2023\/07\/26\/assetti-aziendali-ecco-come-valutare-ladeguatezza\/\" class=\"bp-read-more\">\n            Read More          <\/a>\n                    <div class=\"bp-bottom-comments\">\n            <span><\/span>          <\/div>\n                  <\/div>\n        <!-- Content -->\n\n        <\/div><!-- #post-## -->\n\n      \n      <div id=\"post-3770\" class=\"krth-blog-post post-3770 post type-post status-publish format-standard hentry category-news\">\n\n        \n        <!-- Content -->\n        <div class=\"bp-content\">\n\n          <!-- Metas -->\n          <div class=\"bp-top-meta\">\n                        <div class=\"bp-cat\">\n              <a href=\"https:\/\/www.studiortz.eu\/index.php\/category\/news\/\" rel=\"category tag\">News<\/a>            <\/div>\n                        <div class=\"bp-date\">\n              <span>Giugno 15, 2023<\/span>\n            <\/div>\n                        <div class=\"bp-author\">\n              <span>by <a href=\"https:\/\/www.studiortz.eu\/index.php\/author\/francesco\/\" rel=\"author\">Francesco<\/a><\/span>            <\/div>\n                      <\/div>\n          <!-- Metas -->\n\n          <a href=\"https:\/\/www.studiortz.eu\/index.php\/2023\/06\/15\/rtz-advisory-al-top-insieme-con-farma\/\" class=\"bp-heading\">RTZ Advisory al top insieme con FARMA<\/a>\n                    <p>RTZ Advisory accompagna FARMA ad ottenere un importante riconoscimento per il suo primo\u00a0primo Report di Sostenibilit\u00e0. La societ\u00e0 bolognese \u00e8 infatti stata premiata\u00a0con il \u00a0&#8220;Winner 2023 &#8211; ESG Award &#8211; Environment&#8221; da Walvoil, \u00a0azienda tra i leader a livello mondiale nel settore della maccatronica. RTZ Advisory ha supportato[&#8230;]<\/p>\n          <a href=\"https:\/\/www.studiortz.eu\/index.php\/2023\/06\/15\/rtz-advisory-al-top-insieme-con-farma\/\" class=\"bp-read-more\">\n            Read More          <\/a>\n                    <div class=\"bp-bottom-comments\">\n            <span><\/span>          <\/div>\n                  <\/div>\n        <!-- Content -->\n\n        <\/div><!-- #post-## -->\n\n      \n    <\/div>\n    <!-- Blog End -->\n\n    <div class='wp-pagenavi' role='navigation'>\n<span class='pages'>Pagina 1 di 2<\/span><span aria-current='page' class='current'>1<\/span><a class=\"page larger\" title=\"Pagina 2\" href=\"https:\/\/www.studiortz.eu\/index.php\/wp-json\/wp\/v2\/pages\/3119\/page\/2\/\">2<\/a><a class=\"nextpostslink\" rel=\"next\" aria-label=\"Pagina successiva\" href=\"https:\/\/www.studiortz.eu\/index.php\/wp-json\/wp\/v2\/pages\/3119\/page\/2\/\">&raquo;<\/a>\n<\/div>[\/vc_column][vc_column width=&#8221;1\/3&#8243;][vc_wp_search][vc_separator][vc_wp_categories][\/vc_column][\/vc_row][\/vc_section]<\/p>\n<\/div>","protected":false},"excerpt":{"rendered":"[vc_section][vc_row][vc_column width=&#8221;2\/3&#8243;][\/vc_column][vc_column width=&#8221;1\/3&#8243;][vc_wp_search][vc_separator][vc_wp_categories][\/vc_column][\/vc_row][\/vc_section]","protected":false},"author":5,"featured_media":0,"parent":0,"menu_order":0,"comment_status":"closed","ping_status":"closed","template":"","meta":{"footnotes":""},"class_list":["post-3119","page","type-page","status-publish","hentry"],"_links":{"self":[{"href":"https:\/\/www.studiortz.eu\/index.php\/wp-json\/wp\/v2\/pages\/3119","targetHints":{"allow":["GET"]}}],"collection":[{"href":"https:\/\/www.studiortz.eu\/index.php\/wp-json\/wp\/v2\/pages"}],"about":[{"href":"https:\/\/www.studiortz.eu\/index.php\/wp-json\/wp\/v2\/types\/page"}],"author":[{"embeddable":true,"href":"https:\/\/www.studiortz.eu\/index.php\/wp-json\/wp\/v2\/users\/5"}],"replies":[{"embeddable":true,"href":"https:\/\/www.studiortz.eu\/index.php\/wp-json\/wp\/v2\/comments?post=3119"}],"version-history":[{"count":5,"href":"https:\/\/www.studiortz.eu\/index.php\/wp-json\/wp\/v2\/pages\/3119\/revisions"}],"predecessor-version":[{"id":3124,"href":"https:\/\/www.studiortz.eu\/index.php\/wp-json\/wp\/v2\/pages\/3119\/revisions\/3124"}],"wp:attachment":[{"href":"https:\/\/www.studiortz.eu\/index.php\/wp-json\/wp\/v2\/media?parent=3119"}],"curies":[{"name":"wp","href":"https:\/\/api.w.org\/{rel}","templated":true}]}}